{"id":1264,"date":"2021-04-06T23:52:42","date_gmt":"2021-04-06T21:52:42","guid":{"rendered":"http:\/\/www.campforlife.be\/?page_id=1264"},"modified":"2021-04-15T23:03:25","modified_gmt":"2021-04-15T21:03:25","slug":"camp-de-paques-2021","status":"publish","type":"page","link":"https:\/\/www.campforlife.be\/index.php\/camp-de-paques-2021\/","title":{"rendered":"Camp de P\u00e2ques 2021"},"content":{"rendered":"<p>[vc_row][vc_column][vc_cta h2=&#8221;Bienvenue&#8221; h4=&#8221;sur la page du Camp de P\u00e2ques en ligne!&#8221; color=&#8221;juicy-pink&#8221;]J&#8217;esp\u00e8re que tu as bien re\u00e7u la bo\u00eete par la poste avec tout le mat\u00e9riel n\u00e9cessaire afin de passer une super semaine ensemble!<\/p>\n<p>Si vous deviez rencontrer un probl\u00e8me n\u2019h\u00e9sitez pas \u00e0 contacter V\u00e9ronique au (+32) 0472 49 94 94.<\/p>\n<p>Toute l\u2019\u00e9quipe vous souhaite un tr\u00e8s bon camp.<\/p>\n<p>[\/vc_cta][vc_zigzag color=&#8221;juicy_pink&#8221;][vc_empty_space][\/vc_column][\/vc_row][vc_row overlay_row=&#8221;over-color&#8221; row_visible=&#8221;&#8221;][vc_column][vc_btn title=&#8221;Prochain Rendez-vous en direct \u00e0 10h ! Cliquez ici pour y acc\u00e9der via Teams.&#8221; color=&#8221;juicy-pink&#8221; size=&#8221;lg&#8221; align=&#8221;center&#8221; i_type=&#8221;monosocial&#8221; i_icon_monosocial=&#8221;vc-mono vc-mono-technorati&#8221; button_block=&#8221;true&#8221; add_icon=&#8221;true&#8221; link=&#8221;url:https%3A%2F%2Fteams.microsoft.com%2Fl%2Fmeetup-join%2F19%253aea1218e2df8548f3bc8bdc9bcf1f918e%2540thread.tacv2%2F1617696059703%3Fcontext%3D%257b%2522Tid%2522%253a%25223d363811-5ed5-45e1-be43-fc9123673a6a%2522%252c%2522Oid%2522%253a%25220dbd22e2-5657-469c-9283-6fc93885c73e%2522%257d||target:%20_blank|rel:nofollow&#8221;][vc_tta_tabs style=&#8221;modern&#8221; color=&#8221;sky&#8221; active_section=&#8221;5&#8243; title=&#8221;Rendez-Vous&#8221;][vc_tta_section title=&#8221;Lundi&#8221; tab_id=&#8221;1617744897966-69864bce-b011&#8243;][vc_row_inner][vc_column_inner width=&#8221;1\/3&#8243;][vc_cta h2=&#8221;10h : Le partage&#8221; color=&#8221;vista-blue&#8221;]Chaque jour \u00e0 10h, nous te donnons rendez-vous via l\u2019application Teams avec Jean-Yves et Sara pour lire la Bible ensemble, prier, poser une question ou partager ce qu\u2019on a sur le coeur.<\/p>\n<p>[\/vc_cta][vc_video link=&#8221;https:\/\/youtu.be\/mVrLN2DVcR4&#8243;][\/vc_column_inner][vc_column_inner width=&#8221;1\/3&#8243;][vc_cta h2=&#8221;14h : L&#8217;histoire&#8221; color=&#8221;turquoise&#8221;]Il est d\u00e9j\u00e0 14h? Alors connecte-toi vite pour entendre l\u2019histoire de la Bible racont\u00e9e par V\u00e9ronique! L&#8217;histoire racont\u00e9e aujourd&#8217;hui se trouve dans la Bible, dans le livre des Actes des ap\u00f4tres.[\/vc_cta][vc_video link=&#8221;https:\/\/youtu.be\/9z6vdJYL6CM&#8221;][\/vc_column_inner][vc_column_inner width=&#8221;1\/3&#8243;][vc_hoverbox image=&#8221;1328&#8243; primary_title=&#8221;16h30 : Le jeu en ligne&#8221; hover_title=&#8221;Le Jeu en Ligne&#8221; hover_background_color=&#8221;orange&#8221;]Pr\u00eat pour le grand jeu en \u00e9quipe ?<\/p>\n<p>Sylvain et J\u00e9r\u00e9mie t\u2019ont pr\u00e9par\u00e9 plusieurs jeux \u00e0 vivre seul ou en \u00e9quipe.<\/p>\n<p>Le premier grand jeu sera disponible apr\u00e8s la rencontre en direct de 16h30.<\/p>\n<p>Encore un peu de patience\u2026<\/p>\n<p>&nbsp;<\/p>\n<p>&nbsp;<\/p>\n<p>&nbsp;<\/p>\n<p>&nbsp;<\/p>\n<p>&nbsp;<\/p>\n<p>[\/vc_hoverbox][vc_cta h2=&#8221;Rejouer ce jeu ?&#8221;]Envie de refaire une partie du jeu Serpent de ce lundi ? Regarde plus bas sur cette page. Tu trouveras tous les jeux auquels on a d\u00e9j\u00e0 jou\u00e9.<\/p>\n<p>[\/vc_cta][\/vc_column_inner][\/vc_row_inner][\/vc_tta_section][vc_tta_section title=&#8221;Mardi&#8221; tab_id=&#8221;1618292344915-a642303c-7bf4&#8243;][vc_row_inner][vc_column_inner width=&#8221;1\/3&#8243;][vc_cta h2=&#8221;10h : Le partage&#8221; color=&#8221;vista-blue&#8221;]Chaque jour \u00e0 10h, nous te donnons rendez-vous via l\u2019application Teams avec Jean-Yves et Sara pour lire la Bible ensemble, prier, poser une question ou partager ce qu\u2019on a sur le coeur.<\/p>\n<p>[\/vc_cta][vc_video link=&#8221;https:\/\/youtu.be\/v3qQhwGxpy4&#8243;][\/vc_column_inner][vc_column_inner width=&#8221;1\/3&#8243;][vc_cta h2=&#8221;14h : L&#8217;histoire&#8221; color=&#8221;turquoise&#8221;]Il est d\u00e9j\u00e0 14h? Alors connecte-toi vite pour entendre l\u2019histoire de la Bible racont\u00e9e par V\u00e9ronique! L&#8217;histoire racont\u00e9e aujourd&#8217;hui se trouve dans la Bible, dans le livre des Actes des ap\u00f4tres.[\/vc_cta][vc_video link=&#8221;https:\/\/youtu.be\/Lqm6D5wJcu0&#8243;][\/vc_column_inner][vc_column_inner width=&#8221;1\/3&#8243;][vc_hoverbox image=&#8221;1328&#8243; primary_title=&#8221;16h30 : Le jeu en ligne&#8221; hover_title=&#8221;Le Jeu en Ligne&#8221; hover_background_color=&#8221;orange&#8221;]Pr\u00eat pour le grand jeu en \u00e9quipe ?<\/p>\n<p>Sylvain et J\u00e9r\u00e9mie t\u2019ont pr\u00e9par\u00e9 plusieurs jeux \u00e0 vivre seul ou en \u00e9quipe.<\/p>\n<p>Le premier grand jeu sera disponible apr\u00e8s la rencontre en direct de 16h30.<\/p>\n<p>Encore un peu de patience\u2026<\/p>\n<p>&nbsp;<\/p>\n<p>&nbsp;<\/p>\n<p>&nbsp;<\/p>\n<p>&nbsp;<\/p>\n<p>&nbsp;<\/p>\n<p>[\/vc_hoverbox][vc_cta h2=&#8221;Rejouer ce jeu ?&#8221;]Envie de refaire une partie du jeu Monopoly de ce mardi ? Regarde plus bas sur cette page. Tu trouveras tous les jeux auquels on a d\u00e9j\u00e0 jou\u00e9.<\/p>\n<p>[\/vc_cta][\/vc_column_inner][\/vc_row_inner][\/vc_tta_section][vc_tta_section title=&#8221;Mercredi&#8221; tab_id=&#8221;1618292390009-f9e39fbf-41fb&#8221;][vc_row_inner][vc_column_inner width=&#8221;1\/3&#8243;][vc_cta h2=&#8221;10h : Le partage&#8221; color=&#8221;vista-blue&#8221;]Chaque jour \u00e0 10h, nous te donnons rendez-vous via l\u2019application Teams avec Jean-Yves et Sara pour lire la Bible ensemble, prier, poser une question ou partager ce qu\u2019on a sur le coeur.<\/p>\n<p>[\/vc_cta][vc_video link=&#8221;https:\/\/youtu.be\/hwOqZgUNHlc&#8221;][\/vc_column_inner][vc_column_inner width=&#8221;1\/3&#8243;][vc_cta h2=&#8221;14h : L&#8217;histoire&#8221; color=&#8221;turquoise&#8221;]Il est d\u00e9j\u00e0 14h? Alors connecte-toi vite pour entendre l\u2019histoire de la Bible racont\u00e9e par V\u00e9ronique! L&#8217;histoire racont\u00e9e aujourd&#8217;hui se trouve dans la Bible, dans le livre des Actes des ap\u00f4tres.[\/vc_cta][vc_video link=&#8221;https:\/\/www.youtube.com\/watch?v=OsKiEV5kZyI&#8221;][vc_video link=&#8221;https:\/\/youtu.be\/LXFSE_8mFQ8&#8243;][\/vc_column_inner][vc_column_inner width=&#8221;1\/3&#8243;][vc_hoverbox image=&#8221;1328&#8243; primary_title=&#8221;16h30 : Le jeu en ligne&#8221; hover_title=&#8221;Le Jeu en Ligne&#8221; hover_background_color=&#8221;orange&#8221;]Pr\u00eat pour le grand jeu en \u00e9quipe ?<\/p>\n<p>Sylvain et J\u00e9r\u00e9mie t\u2019ont pr\u00e9par\u00e9 plusieurs jeux \u00e0 vivre seul ou en \u00e9quipe.<\/p>\n<p>Le premier grand jeu sera disponible apr\u00e8s la rencontre en direct de 16h30.<\/p>\n<p>Encore un peu de patience\u2026<\/p>\n<p>&nbsp;<\/p>\n<p>&nbsp;<\/p>\n<p>&nbsp;<\/p>\n<p>&nbsp;<\/p>\n<p>&nbsp;<\/p>\n<p>[\/vc_hoverbox][\/vc_column_inner][\/vc_row_inner][\/vc_tta_section][vc_tta_section title=&#8221;Jeudi&#8221; tab_id=&#8221;1618292385365-3bb0348f-efab&#8221;][vc_row_inner][vc_column_inner width=&#8221;1\/3&#8243;][vc_cta h2=&#8221;10h : Le partage&#8221; color=&#8221;vista-blue&#8221;]Chaque jour \u00e0 10h, nous te donnons rendez-vous via l\u2019application Teams avec Jean-Yves et Sara pour lire la Bible ensemble, prier, poser une question ou partager ce qu\u2019on a sur le coeur.<\/p>\n<p>[\/vc_cta][vc_video link=&#8221;https:\/\/youtu.be\/DgZeHw6XB-k&#8221;][\/vc_column_inner][vc_column_inner width=&#8221;1\/3&#8243;][vc_cta h2=&#8221;14h : L&#8217;histoire&#8221; color=&#8221;turquoise&#8221;]Il est d\u00e9j\u00e0 14h? Alors connecte-toi vite pour entendre l\u2019histoire de la Bible racont\u00e9e par V\u00e9ronique! L&#8217;histoire racont\u00e9e aujourd&#8217;hui se trouve dans la Bible, dans le livre des Actes des ap\u00f4tres.[\/vc_cta][vc_video link=&#8221;https:\/\/youtu.be\/IZI0roDuny0&#8243;][\/vc_column_inner][vc_column_inner width=&#8221;1\/3&#8243;][vc_hoverbox image=&#8221;1328&#8243; primary_title=&#8221;16h30 : Le jeu en ligne&#8221; hover_title=&#8221;Le Jeu en Ligne&#8221; hover_background_color=&#8221;orange&#8221;]Pr\u00eat pour le grand jeu en \u00e9quipe ?<\/p>\n<p>Sylvain et J\u00e9r\u00e9mie t\u2019ont pr\u00e9par\u00e9 plusieurs jeux \u00e0 vivre seul ou en \u00e9quipe.<\/p>\n<p>Le premier grand jeu sera disponible apr\u00e8s la rencontre en direct de 16h30.<\/p>\n<p>Encore un peu de patience\u2026<\/p>\n<p>&nbsp;<\/p>\n<p>&nbsp;<\/p>\n<p>&nbsp;<\/p>\n<p>&nbsp;<\/p>\n<p>&nbsp;<\/p>\n<p>[\/vc_hoverbox][\/vc_column_inner][\/vc_row_inner][\/vc_tta_section][vc_tta_section title=&#8221;Vendredi&#8221; tab_id=&#8221;1618292384321-034b2829-9e49&#8243;][vc_row_inner][vc_column_inner width=&#8221;1\/3&#8243;][vc_cta h2=&#8221;10h : Le partage&#8221; color=&#8221;vista-blue&#8221;]Chaque jour \u00e0 10h, nous te donnons rendez-vous via l\u2019application Teams avec Jean-Yves et Sara pour lire la Bible ensemble, prier, poser une question ou partager ce qu\u2019on a sur le coeur.<\/p>\n<p>[\/vc_cta][vc_video link=&#8221;https:\/\/youtu.be\/c39pWL3gJgo&#8221;][\/vc_column_inner][vc_column_inner width=&#8221;1\/3&#8243;][vc_cta h2=&#8221;14h : L&#8217;histoire&#8221; color=&#8221;turquoise&#8221;]Il est d\u00e9j\u00e0 14h? Alors connecte-toi vite pour entendre l\u2019histoire de la Bible racont\u00e9e par V\u00e9ronique! L&#8217;histoire racont\u00e9e aujourd&#8217;hui se trouve dans la Bible, dans le livre des Actes des ap\u00f4tres.[\/vc_cta][vc_video link=&#8221;https:\/\/youtu.be\/fGpT2sy3naI&#8221;][\/vc_column_inner][vc_column_inner width=&#8221;1\/3&#8243;][vc_hoverbox image=&#8221;1328&#8243; primary_title=&#8221;16h30 : Le jeu en ligne&#8221; hover_title=&#8221;Le Jeu en Ligne&#8221; hover_background_color=&#8221;orange&#8221;]Pr\u00eat pour le grand jeu en \u00e9quipe ?<\/p>\n<p>Sylvain et J\u00e9r\u00e9mie t\u2019ont pr\u00e9par\u00e9 plusieurs jeux \u00e0 vivre seul ou en \u00e9quipe.<\/p>\n<p>Le premier grand jeu sera disponible apr\u00e8s la rencontre en direct de 16h30.<\/p>\n<p>Encore un peu de patience\u2026<\/p>\n<p>&nbsp;<\/p>\n<p>&nbsp;<\/p>\n<p>&nbsp;<\/p>\n<p>&nbsp;<\/p>\n<p>&nbsp;<\/p>\n<p>[\/vc_hoverbox][\/vc_column_inner][\/vc_row_inner][\/vc_tta_section][\/vc_tta_tabs][vc_zigzag color=&#8221;turquoise&#8221;][vc_empty_space][\/vc_column][\/vc_row][vc_section][vc_row][vc_column width=&#8221;1\/3&#8243;][vc_single_image image=&#8221;1299&#8243; img_size=&#8221;full&#8221; onclick=&#8221;custom_link&#8221; img_link_target=&#8221;_blank&#8221; link=&#8221;https:\/\/fr.superbook.cbn.com\/&#8221;][\/vc_column][vc_column width=&#8221;1\/3&#8243;][vc_cta h2=&#8221;Les Chants&#8221; color=&#8221;pink&#8221; add_button=&#8221;bottom&#8221; btn_title=&#8221;Playliste du Camp&#8221; btn_color=&#8221;danger&#8221; btn_link=&#8221;url:https%3A%2F%2Fopen.spotify.com%2Fplaylist%2F2j9n8ue5woYJBlpF1G8zjc%3Fsi%3DzQnjAF5EQ-%20qV9Kyxxz0UTQ%26utm_source%3Dcopy-link||target:%20_blank|&#8221;]Nous avons cr\u00e9\u00e9 une playliste des chants sur Spotify.\u00a0 Pour y acc\u00e9der, clique sur la playliste de chants \u00e0 droite. Pour entendre tous les chants en entier, tu devras cr\u00e9er un compte gratuit sur Spotify<\/p>\n<p>L\u2019application et ou le site est totalement se\u0301curise\u0301 et gratuit.<\/p>\n<p>[\/vc_cta][\/vc_column][vc_column width=&#8221;1\/3&#8243;][vc_column_text]<iframe loading=\"lazy\" src=\"https:\/\/open.spotify.com\/embed\/playlist\/2j9n8ue5woYJBlpF1G8zjc\" width=\"300\" height=\"380\" frameborder=\"0\"><\/iframe><\/p>\n<p>[\/vc_column_text][\/vc_column][\/vc_row][\/vc_section][vc_row][vc_column][vc_zigzag color=&#8221;green&#8221;][vc_empty_space][vc_cta h2=&#8221;Jeux de vendredi&#8221; color=&#8221;orange&#8221;]<\/p>\n<p>[\/vc_cta][vc_column_text]<\/p>\n<h5><strong>Puzzle<\/strong><\/h5>\n<div id=\"ConnectiveDocSignExtentionInstalled\" data-extension-version=\"1.0.4\"><\/div>\n<p>[\/vc_column_text][vc_raw_html]JTNDaWZyYW1lJTIwc3JjJTNEJTIyaHR0cHMlM0ElMkYlMkZsZWFybmluZ2FwcHMub3JnJTJGd2F0Y2glM0Z2JTNEcDZvamh2eGFrMjElMjIlMjBzdHlsZSUzRCUyMmJvcmRlciUzQTBweCUzQndpZHRoJTNBMTAwJTI1JTNCaGVpZ2h0JTNBNTAwcHglMjIlMjBhbGxvd2Z1bGxzY3JlZW4lM0QlMjJ0cnVlJTIyJTIwd2Via2l0YWxsb3dmdWxsc2NyZWVuJTNEJTIydHJ1ZSUyMiUyMG1vemFsbG93ZnVsbHNjcmVlbiUzRCUyMnRydWUlMjIlM0UlM0MlMkZpZnJhbWUlM0U=[\/vc_raw_html][vc_separator color=&#8221;turquoise&#8221;][vc_column_text]<\/p>\n<h5><strong>Mots-crois\u00e9s<br \/>\n<\/strong><\/h5>\n<div id=\"ConnectiveDocSignExtentionInstalled\" data-extension-version=\"1.0.4\"><\/div>\n<p>[\/vc_column_text][vc_message]Clique sur les cases du mot crois\u00e9 pour d\u00e9couvrir l&#8217;indique qui te permettra de remplir les cases vides.<\/p>\n<div id=\"ConnectiveDocSignExtentionInstalled\" data-extension-version=\"1.0.4\"><\/div>\n<p>[\/vc_message][vc_raw_html]JTNDaWZyYW1lJTIwc3JjJTNEJTIyaHR0cHMlM0ElMkYlMkZsZWFybmluZ2FwcHMub3JnJTJGd2F0Y2glM0Z2JTNEcDVxMG8yM2Q1MjElMjIlMjBzdHlsZSUzRCUyMmJvcmRlciUzQTBweCUzQndpZHRoJTNBMTAwJTI1JTNCaGVpZ2h0JTNBNTAwcHglMjIlMjBhbGxvd2Z1bGxzY3JlZW4lM0QlMjJ0cnVlJTIyJTIwd2Via2l0YWxsb3dmdWxsc2NyZWVuJTNEJTIydHJ1ZSUyMiUyMG1vemFsbG93ZnVsbHNjcmVlbiUzRCUyMnRydWUlMjIlM0UlM0MlMkZpZnJhbWUlM0UlMEE=[\/vc_raw_html][vc_separator color=&#8221;turquoise&#8221;][vc_column_text]<\/p>\n<h5><strong>Jeu de Memory<\/strong><\/h5>\n<div id=\"ConnectiveDocSignExtentionInstalled\" data-extension-version=\"1.0.4\"><\/div>\n<p>[\/vc_column_text][vc_raw_html]JTNDaWZyYW1lJTIwc3JjJTNEJTIyaHR0cHMlM0ElMkYlMkZsZWFybmluZ2FwcHMub3JnJTJGd2F0Y2glM0Z2JTNEcHd6OWRxMjRrMjElMjIlMjBzdHlsZSUzRCUyMmJvcmRlciUzQTBweCUzQndpZHRoJTNBMTAwJTI1JTNCaGVpZ2h0JTNBNTAwcHglMjIlMjBhbGxvd2Z1bGxzY3JlZW4lM0QlMjJ0cnVlJTIyJTIwd2Via2l0YWxsb3dmdWxsc2NyZWVuJTNEJTIydHJ1ZSUyMiUyMG1vemFsbG93ZnVsbHNjcmVlbiUzRCUyMnRydWUlMjIlM0UlM0MlMkZpZnJhbWUlM0UlMEE=[\/vc_raw_html][vc_separator color=&#8221;turquoise&#8221;][vc_column_text]<\/p>\n<h5><strong>Question pour un champion<br \/>\n<\/strong><\/h5>\n<div id=\"ConnectiveDocSignExtentionInstalled\" data-extension-version=\"1.0.4\"><\/div>\n<p>[\/vc_column_text][vc_raw_html]JTNDaWZyYW1lJTIwc3JjJTNEJTIyaHR0cHMlM0ElMkYlMkZsZWFybmluZ2FwcHMub3JnJTJGd2F0Y2glM0Z2JTNEcHRrOTVmM3dqMjElMjIlMjBzdHlsZSUzRCUyMmJvcmRlciUzQTBweCUzQndpZHRoJTNBMTAwJTI1JTNCaGVpZ2h0JTNBNTAwcHglMjIlMjBhbGxvd2Z1bGxzY3JlZW4lM0QlMjJ0cnVlJTIyJTIwd2Via2l0YWxsb3dmdWxsc2NyZWVuJTNEJTIydHJ1ZSUyMiUyMG1vemFsbG93ZnVsbHNjcmVlbiUzRCUyMnRydWUlMjIlM0UlM0MlMkZpZnJhbWUlM0UlMEE=[\/vc_raw_html][vc_separator color=&#8221;turquoise&#8221;][vc_column_text]<\/p>\n<h5><strong>Jeu de l&#8217;oie<br \/>\n<\/strong><\/h5>\n<div id=\"ConnectiveDocSignExtentionInstalled\" data-extension-version=\"1.0.4\"><\/div>\n<p>[\/vc_column_text][vc_raw_html]JTNDZGl2JTIwc3R5bGUlM0QlMjJ3aWR0aCUzQSUyMDEwMCUyNSUzQiUyMiUzRSUzQ2RpdiUyMHN0eWxlJTNEJTIycG9zaXRpb24lM0ElMjByZWxhdGl2ZSUzQiUyMHBhZGRpbmctYm90dG9tJTNBJTIwNTYuMjUlMjUlM0IlMjBwYWRkaW5nLXRvcCUzQSUyMDAlM0IlMjBoZWlnaHQlM0ElMjAwJTNCJTIyJTNFJTNDaWZyYW1lJTIwZnJhbWVib3JkZXIlM0QlMjIwJTIyJTIwd2lkdGglM0QlMjIxMjAwJTIyJTIwaGVpZ2h0JTNEJTIyNjc1JTIyJTIwc3R5bGUlM0QlMjJwb3NpdGlvbiUzQSUyMGFic29sdXRlJTNCJTIwdG9wJTNBJTIwMCUzQiUyMGxlZnQlM0ElMjAwJTNCJTIwd2lkdGglM0ElMjAxMDAlMjUlM0IlMjBoZWlnaHQlM0ElMjAxMDAlMjUlM0IlMjIlMjBzcmMlM0QlMjJodHRwcyUzQSUyRiUyRnZpZXcuZ2VuaWFsLmx5JTJGNjA1ZjZlYTcyMmU4MjYwZDI1NDU1YmRkJTIyJTIwdHlwZSUzRCUyMnRleHQlMkZodG1sJTIyJTIwYWxsb3dzY3JpcHRhY2Nlc3MlM0QlMjJhbHdheXMlMjIlMjBhbGxvd2Z1bGxzY3JlZW4lM0QlMjJ0cnVlJTIyJTIwc2Nyb2xsaW5nJTNEJTIyeWVzJTIyJTIwYWxsb3duZXR3b3JraW5nJTNEJTIyYWxsJTIyJTNFJTNDJTJGaWZyYW1lJTNFJTIwJTNDJTJGZGl2JTNFJTIwJTNDJTJGZGl2JTNFJTBB[\/vc_raw_html][vc_separator color=&#8221;turquoise&#8221;][vc_column_text]<\/p>\n<h5><strong>Mots cach\u00e9s<br \/>\n<\/strong><\/h5>\n<div id=\"ConnectiveDocSignExtentionInstalled\" data-extension-version=\"1.0.4\"><\/div>\n<p>[\/vc_column_text][vc_raw_html]JTNDZGl2JTIwc3R5bGUlM0QlMjJ3aWR0aCUzQSUyMDEwMCUyNSUzQiUyMiUzRSUzQ2RpdiUyMHN0eWxlJTNEJTIycG9zaXRpb24lM0ElMjByZWxhdGl2ZSUzQiUyMHBhZGRpbmctYm90dG9tJTNBJTIwNTYuMjUlMjUlM0IlMjBwYWRkaW5nLXRvcCUzQSUyMDAlM0IlMjBoZWlnaHQlM0ElMjAwJTNCJTIyJTNFJTNDaWZyYW1lJTIwZnJhbWVib3JkZXIlM0QlMjIwJTIyJTIwd2lkdGglM0QlMjIxMjAwJTIyJTIwaGVpZ2h0JTNEJTIyNjc1JTIyJTIwc3R5bGUlM0QlMjJwb3NpdGlvbiUzQSUyMGFic29sdXRlJTNCJTIwdG9wJTNBJTIwMCUzQiUyMGxlZnQlM0ElMjAwJTNCJTIwd2lkdGglM0ElMjAxMDAlMjUlM0IlMjBoZWlnaHQlM0ElMjAxMDAlMjUlM0IlMjIlMjBzcmMlM0QlMjJodHRwcyUzQSUyRiUyRnZpZXcuZ2VuaWFsLmx5JTJGNjA2NGFmMWU3ZTJhY2UwY2Q3ZGEzM2YwJTIyJTIwdHlwZSUzRCUyMnRleHQlMkZodG1sJTIyJTIwYWxsb3dzY3JpcHRhY2Nlc3MlM0QlMjJhbHdheXMlMjIlMjBhbGxvd2Z1bGxzY3JlZW4lM0QlMjJ0cnVlJTIyJTIwc2Nyb2xsaW5nJTNEJTIyeWVzJTIyJTIwYWxsb3duZXR3b3JraW5nJTNEJTIyYWxsJTIyJTNFJTNDJTJGaWZyYW1lJTNFJTIwJTNDJTJGZGl2JTNFJTIwJTNDJTJGZGl2JTNFJTBB[\/vc_raw_html][vc_column_text]<\/p>\n<p>[\/vc_column_text][\/vc_column][\/vc_row][vc_row][vc_column][vc_zigzag color=&#8221;green&#8221;][vc_empty_space][vc_cta h2=&#8221;Jeux de jeudi&#8221; color=&#8221;sky&#8221;]<\/p>\n<div id=\"ConnectiveDocSignExtentionInstalled\" data-extension-version=\"1.0.4\"><\/div>\n<p>[\/vc_cta][vc_raw_html]JTNDZGl2JTIwc3R5bGUlM0QlMjJ3aWR0aCUzQSUyMDEwMCUyNSUzQiUyMiUzRSUzQ2RpdiUyMHN0eWxlJTNEJTIycG9zaXRpb24lM0ElMjByZWxhdGl2ZSUzQiUyMHBhZGRpbmctYm90dG9tJTNBJTIwNTYuMjUlMjUlM0IlMjBwYWRkaW5nLXRvcCUzQSUyMDAlM0IlMjBoZWlnaHQlM0ElMjAwJTNCJTIyJTNFJTNDaWZyYW1lJTIwZnJhbWVib3JkZXIlM0QlMjIwJTIyJTIwd2lkdGglM0QlMjIxMjAwJTIyJTIwaGVpZ2h0JTNEJTIyNjc1JTIyJTIwc3R5bGUlM0QlMjJwb3NpdGlvbiUzQSUyMGFic29sdXRlJTNCJTIwdG9wJTNBJTIwMCUzQiUyMGxlZnQlM0ElMjAwJTNCJTIwd2lkdGglM0ElMjAxMDAlMjUlM0IlMjBoZWlnaHQlM0ElMjAxMDAlMjUlM0IlMjIlMjBzcmMlM0QlMjJodHRwcyUzQSUyRiUyRnZpZXcuZ2VuaWFsLmx5JTJGNjA2YWUyZmNmOTQ4NmQwZDlkOTY2NTRiJTIyJTIwdHlwZSUzRCUyMnRleHQlMkZodG1sJTIyJTIwYWxsb3dzY3JpcHRhY2Nlc3MlM0QlMjJhbHdheXMlMjIlMjBhbGxvd2Z1bGxzY3JlZW4lM0QlMjJ0cnVlJTIyJTIwc2Nyb2xsaW5nJTNEJTIyeWVzJTIyJTIwYWxsb3duZXR3b3JraW5nJTNEJTIyYWxsJTIyJTNFJTNDJTJGaWZyYW1lJTNFJTIwJTNDJTJGZGl2JTNFJTIwJTNDJTJGZGl2JTNFJTBBJTBB[\/vc_raw_html][vc_column_text]<\/p>\n<p>[\/vc_column_text][vc_raw_html]JTNDZGl2JTIwc3R5bGUlM0QlMjJ3aWR0aCUzQSUyMDEwMCUyNSUzQiUyMiUzRSUzQ2RpdiUyMHN0eWxlJTNEJTIycG9zaXRpb24lM0ElMjByZWxhdGl2ZSUzQiUyMHBhZGRpbmctYm90dG9tJTNBJTIwNTYuMjUlMjUlM0IlMjBwYWRkaW5nLXRvcCUzQSUyMDAlM0IlMjBoZWlnaHQlM0ElMjAwJTNCJTIyJTNFJTNDaWZyYW1lJTIwZnJhbWVib3JkZXIlM0QlMjIwJTIyJTIwd2lkdGglM0QlMjIxMjAwJTIyJTIwaGVpZ2h0JTNEJTIyNjc1JTIyJTIwc3R5bGUlM0QlMjJwb3NpdGlvbiUzQSUyMGFic29sdXRlJTNCJTIwdG9wJTNBJTIwMCUzQiUyMGxlZnQlM0ElMjAwJTNCJTIwd2lkdGglM0ElMjAxMDAlMjUlM0IlMjBoZWlnaHQlM0ElMjAxMDAlMjUlM0IlMjIlMjBzcmMlM0QlMjJodHRwcyUzQSUyRiUyRnZpZXcuZ2VuaWFsLmx5JTJGNjA1ZjZmZDQ2YmQ5MzMwZDFlY2M0OGU2JTIyJTIwdHlwZSUzRCUyMnRleHQlMkZodG1sJTIyJTIwYWxsb3dzY3JpcHRhY2Nlc3MlM0QlMjJhbHdheXMlMjIlMjBhbGxvd2Z1bGxzY3JlZW4lM0QlMjJ0cnVlJTIyJTIwc2Nyb2xsaW5nJTNEJTIyeWVzJTIyJTIwYWxsb3duZXR3b3JraW5nJTNEJTIyYWxsJTIyJTNFJTNDJTJGaWZyYW1lJTNFJTIwJTNDJTJGZGl2JTNFJTIwJTNDJTJGZGl2JTNFJTBB[\/vc_raw_html][\/vc_column][\/vc_row][vc_row][vc_column][vc_zigzag color=&#8221;green&#8221;][vc_empty_space][vc_cta h2=&#8221;Jeu de mercredi&#8221; color=&#8221;green&#8221;]<\/p>\n<div id=\"ConnectiveDocSignExtentionInstalled\" data-extension-version=\"1.0.4\"><\/div>\n<p>[\/vc_cta][vc_raw_html]JTNDZGl2JTIwc3R5bGUlM0QlMjJ3aWR0aCUzQSUyMDEwMCUyNSUzQiUyMiUzRSUzQ2RpdiUyMHN0eWxlJTNEJTIycG9zaXRpb24lM0ElMjByZWxhdGl2ZSUzQiUyMHBhZGRpbmctYm90dG9tJTNBJTIwNTYuMjUlMjUlM0IlMjBwYWRkaW5nLXRvcCUzQSUyMDAlM0IlMjBoZWlnaHQlM0ElMjAwJTNCJTIyJTNFJTNDaWZyYW1lJTIwZnJhbWVib3JkZXIlM0QlMjIwJTIyJTIwd2lkdGglM0QlMjIxMjAwJTIyJTIwaGVpZ2h0JTNEJTIyNjc1JTIyJTIwc3R5bGUlM0QlMjJwb3NpdGlvbiUzQSUyMGFic29sdXRlJTNCJTIwdG9wJTNBJTIwMCUzQiUyMGxlZnQlM0ElMjAwJTNCJTIwd2lkdGglM0ElMjAxMDAlMjUlM0IlMjBoZWlnaHQlM0ElMjAxMDAlMjUlM0IlMjIlMjBzcmMlM0QlMjJodHRwcyUzQSUyRiUyRnZpZXcuZ2VuaWFsLmx5JTJGNjA3MDk1MGE4OGRmOWMwZDA5NDc4NmFjJTIyJTIwdHlwZSUzRCUyMnRleHQlMkZodG1sJTIyJTIwYWxsb3dzY3JpcHRhY2Nlc3MlM0QlMjJhbHdheXMlMjIlMjBhbGxvd2Z1bGxzY3JlZW4lM0QlMjJ0cnVlJTIyJTIwc2Nyb2xsaW5nJTNEJTIyeWVzJTIyJTIwYWxsb3duZXR3b3JraW5nJTNEJTIyYWxsJTIyJTNFJTNDJTJGaWZyYW1lJTNFJTIwJTNDJTJGZGl2JTNFJTIwJTNDJTJGZGl2JTNFJTBB[\/vc_raw_html][vc_column_text]<\/p>\n<p>[\/vc_column_text][\/vc_column][\/vc_row][vc_row][vc_column][vc_zigzag color=&#8221;purple&#8221;][vc_empty_space][vc_cta h2=&#8221;Jeu de mardi&#8221; color=&#8221;purple&#8221;]<\/p>\n<p>[\/vc_cta][vc_raw_html]JTNDZGl2JTIwc3R5bGUlM0QlMjJ3aWR0aCUzQSUyMDEwMCUyNSUzQiUyMiUzRSUzQ2RpdiUyMHN0eWxlJTNEJTIycG9zaXRpb24lM0ElMjByZWxhdGl2ZSUzQiUyMHBhZGRpbmctYm90dG9tJTNBJTIwNTkuMjUlMjUlM0IlMjBwYWRkaW5nLXRvcCUzQSUyMDAlM0IlMjBoZWlnaHQlM0ElMjAwJTNCJTIyJTNFJTNDaWZyYW1lJTIwZnJhbWVib3JkZXIlM0QlMjIwJTIyJTIwd2lkdGglM0QlMjIxMjAwJTIyJTIwaGVpZ2h0JTNEJTIyNzExJTIyJTIwc3R5bGUlM0QlMjJwb3NpdGlvbiUzQSUyMGFic29sdXRlJTNCJTIwdG9wJTNBJTIwMCUzQiUyMGxlZnQlM0ElMjAwJTNCJTIwd2lkdGglM0ElMjAxMDAlMjUlM0IlMjBoZWlnaHQlM0ElMjAxMDAlMjUlM0IlMjIlMjBzcmMlM0QlMjJodHRwcyUzQSUyRiUyRnZpZXcuZ2VuaWFsLmx5JTJGNjA2NjE3MGFkMDc1MWY3Mzc0NTg1NTU3JTIyJTIwdHlwZSUzRCUyMnRleHQlMkZodG1sJTIyJTIwYWxsb3dzY3JpcHRhY2Nlc3MlM0QlMjJhbHdheXMlMjIlMjBhbGxvd2Z1bGxzY3JlZW4lM0QlMjJ0cnVlJTIyJTIwc2Nyb2xsaW5nJTNEJTIyeWVzJTIyJTIwYWxsb3duZXR3b3JraW5nJTNEJTIyYWxsJTIyJTNFJTNDJTJGaWZyYW1lJTNFJTIwJTNDJTJGZGl2JTNFJTIwJTNDJTJGZGl2JTNFJTBB[\/vc_raw_html][vc_column_text]<\/p>\n<p>[\/vc_column_text][\/vc_column][\/vc_row][vc_row][vc_column][vc_zigzag color=&#8221;orange&#8221;][vc_empty_space][vc_cta h2=&#8221;Jeu du lundi&#8221; color=&#8221;sandy-brown&#8221;]Le jeu sera disponible apr\u00e8s le r\u00e9union en direct \u00e0 16h30&#8230; encore un peu de patience !<\/p>\n<p>[\/vc_cta][vc_raw_html]JTNDZGl2JTIwc3R5bGUlM0QlMjJ3aWR0aCUzQSUyMDEwMCUyNSUzQiUyMiUzRSUzQ2RpdiUyMHN0eWxlJTNEJTIycG9zaXRpb24lM0ElMjByZWxhdGl2ZSUzQiUyMHBhZGRpbmctYm90dG9tJTNBJTIwNTYuMjUlMjUlM0IlMjBwYWRkaW5nLXRvcCUzQSUyMDAlM0IlMjBoZWlnaHQlM0ElMjAwJTNCJTIyJTNFJTNDaWZyYW1lJTIwZnJhbWVib3JkZXIlM0QlMjIwJTIyJTIwd2lkdGglM0QlMjIxMjAwJTIyJTIwaGVpZ2h0JTNEJTIyNjc1JTIyJTIwc3R5bGUlM0QlMjJwb3NpdGlvbiUzQSUyMGFic29sdXRlJTNCJTIwdG9wJTNBJTIwMCUzQiUyMGxlZnQlM0ElMjAwJTNCJTIwd2lkdGglM0ElMjAxMDAlMjUlM0IlMjBoZWlnaHQlM0ElMjAxMDAlMjUlM0IlMjIlMjBzcmMlM0QlMjJodHRwcyUzQSUyRiUyRnZpZXcuZ2VuaWFsLmx5JTJGNjA1ZjcwZTYyMmU4MjYwZDI1NDU1YzFjJTIyJTIwdHlwZSUzRCUyMnRleHQlMkZodG1sJTIyJTIwYWxsb3dzY3JpcHRhY2Nlc3MlM0QlMjJhbHdheXMlMjIlMjBhbGxvd2Z1bGxzY3JlZW4lM0QlMjJ0cnVlJTIyJTIwc2Nyb2xsaW5nJTNEJTIyeWVzJTIyJTIwYWxsb3duZXR3b3JraW5nJTNEJTIyYWxsJTIyJTNFJTNDJTJGaWZyYW1lJTNFJTIwJTNDJTJGZGl2JTNFJTIwJTNDJTJGZGl2JTNF[\/vc_raw_html][\/vc_column][\/vc_row][vc_row][vc_column][vc_column_text]<\/p>\n<div id=\"ConnectiveDocSignExtentionInstalled\" data-extension-version=\"1.0.4\"><\/div>\n<p>[\/vc_column_text][\/vc_column][\/vc_row][vc_row][vc_column][vc_column_text]<\/p>\n<div id=\"ConnectiveDocSignExtentionInstalled\" data-extension-version=\"1.0.4\"><\/div>\n<p>[\/vc_column_text][\/vc_column][\/vc_row]<\/p>\n","protected":false},"excerpt":{"rendered":"<p>[vc_row][vc_column][vc_cta h2=&#8221;Bienvenue&#8221; h4=&#8221;sur la page du Camp de P\u00e2ques en ligne!&#8221; color=&#8221;juicy-pink&#8221;]J&#8217;esp\u00e8re que tu as bien re\u00e7u la bo\u00eete par la poste avec tout le mat\u00e9riel n\u00e9cessaire afin de passer une super semaine ensemble! Si vous deviez rencontrer un probl\u00e8me n\u2019h\u00e9sitez pas \u00e0 contacter V\u00e9ronique au (+32) 0472 49 94 94. Toute l\u2019\u00e9quipe vous souhaite [&hellip;]<\/p>\n","protected":false},"author":2,"featured_media":969,"parent":0,"menu_order":0,"comment_status":"closed","ping_status":"closed","template":"","meta":{"footnotes":""},"class_list":["post-1264","page","type-page","status-publish","has-post-thumbnail","hentry"],"_links":{"self":[{"href":"https:\/\/www.campforlife.be\/index.php\/wp-json\/wp\/v2\/pages\/1264","targetHints":{"allow":["GET"]}}],"collection":[{"href":"https:\/\/www.campforlife.be\/index.php\/wp-json\/wp\/v2\/pages"}],"about":[{"href":"https:\/\/www.campforlife.be\/index.php\/wp-json\/wp\/v2\/types\/page"}],"author":[{"embeddable":true,"href":"https:\/\/www.campforlife.be\/index.php\/wp-json\/wp\/v2\/users\/2"}],"replies":[{"embeddable":true,"href":"https:\/\/www.campforlife.be\/index.php\/wp-json\/wp\/v2\/comments?post=1264"}],"version-history":[{"count":92,"href":"https:\/\/www.campforlife.be\/index.php\/wp-json\/wp\/v2\/pages\/1264\/revisions"}],"predecessor-version":[{"id":1368,"href":"https:\/\/www.campforlife.be\/index.php\/wp-json\/wp\/v2\/pages\/1264\/revisions\/1368"}],"wp:featuredmedia":[{"embeddable":true,"href":"https:\/\/www.campforlife.be\/index.php\/wp-json\/wp\/v2\/media\/969"}],"wp:attachment":[{"href":"https:\/\/www.campforlife.be\/index.php\/wp-json\/wp\/v2\/media?parent=1264"}],"curies":[{"name":"wp","href":"https:\/\/api.w.org\/{rel}","templated":true}]}}