{"id":217,"date":"2017-07-04T10:22:28","date_gmt":"2017-07-04T10:22:28","guid":{"rendered":"http:\/\/demo.farost.net\/helpinghand\/?page_id=217"},"modified":"2020-03-15T17:28:40","modified_gmt":"2020-03-15T16:28:40","slug":"faq","status":"publish","type":"page","link":"https:\/\/www.campforlife.be\/index.php\/faq\/","title":{"rendered":"FAQ"},"content":{"rendered":"<p>[vc_row][vc_column offset=&#8221;vc_col-lg-6 vc_col-md-6&#8243;][vc_tta_accordion gap=&#8221;10&#8243; c_icon=&#8221;chevron&#8221; c_position=&#8221;right&#8221; active_section=&#8221;1&#8243;][vc_tta_section title=&#8221;Qui sont les membres du Comit\u00e9 Camp?&#8221; tab_id=&#8221;1-1&#8243;][vc_column_text]Le comit\u00e9 du Camp de Beho est exclusivement compos\u00e9 de chr\u00e9tiens \u00e9vang\u00e9liques n\u00e9s de nouveau qui participant activement au minist\u00e8re du Camp de Beho. Il inclut parmi ces membres des chefs d\u2019entreprise, des comptables, des directeurs de camps, des pasteurs, animateurs, entrepreneurs, et travailleurs de diverses professions. Ces personnes soutiennent le camp depuis de nombreuses ann\u00e9es et ont toutes les aptitudes n\u00e9cessaires pour assurer le bon fonctionnement du camp de Beho. Nous sommes reconnaissants envers Dieu d\u2019avoir pourvu tant de personnes aussi formidables tout au long des ann\u00e9es et mettons notre confiance en Lui pour la poursuite de l\u2019\u0153uvre \u00e0 laquelle il nous a appel\u00e9\u00a0: Proclamer aupr\u00e8s des enfants la Bonne Nouvelle de J\u00e9sus-Christ.[\/vc_column_text][\/vc_tta_section][vc_tta_section title=&#8221;A quelle association est li\u00e9 le Comit\u00e9 Camp?&#8221; tab_id=&#8221;1-2&#8243;][vc_column_text]Le Comit\u00e9 Camp est compos\u00e9 des b\u00e9n\u00e9voles actifs au Camp de Beho ASBL.<\/p>\n<p>Dans le cadre de la vente du camp, ces b\u00e9n\u00e9voles ce sont unis en ASBL afin de proposer de racheter le Camp de Beho.<\/p>\n<p>Le Comit\u00e9 Camp a donc cr\u00e9\u00e9 l&#8217;ASBL Camp For Life.<\/p>\n<p><strong>Le camp de Beho a \u00e9t\u00e9 construit gr\u00e2ce au soutien d\u2019\u00e9glises et de croyants<\/strong> qui ont plac\u00e9s leur confiance en l\u2019AEE pour construire un centre de vacances chr\u00e9tien \u00e0 Beho afin d\u2019annoncer l\u2019\u00c9vangile aux enfants. Le comit\u00e9 du camp a le d\u00e9sir d\u2019honorer cet h\u00e9ritage et d\u2019assurer que le Camp de Beho restera un centre de vacances chr\u00e9tien centr\u00e9 sur la Bible.[\/vc_column_text][\/vc_tta_section][vc_tta_section title=&#8221;Quel est le courant th\u00e9ologique de Comit\u00e9 Camp?&#8221; tab_id=&#8221;1-3&#8243;][vc_column_text]Cette nouvelle association est cr\u00e9\u00e9e par des membres d&#8217;Eglises Evang\u00e9liques de Belgique et d\u00e9sire maintenir ce lien en demandant prochainement son rattachement en tant qu&#8217;oeuvre au Synode F\u00e9d\u00e9ral des Eglises Evang\u00e9liques de Belgique.[\/vc_column_text][\/vc_tta_section][vc_tta_section title=&#8221;Le Comit\u00e9 Camp est-il li\u00e9 \u00e0 une d\u00e9nomination en particulier?&#8221; tab_id=&#8221;1-4&#8243;][vc_column_text]Le Comit\u00e9 Camp est compos\u00e9 de chr\u00e9tiens \u00e9vang\u00e9liques, n\u00e9s de nouveaux, provenant d&#8217;\u00e9glises et de d\u00e9nominations diff\u00e9rentes : \u00e9vang\u00e9lique, baptiste, assembl\u00e9e de fr\u00e8res, assembl\u00e9e de Dieu.<\/p>\n<p>Le r\u00f4le du camp n&#8217;est pas de remplacer l&#8217;\u00e9glise locale mais de travailler \u00e0 ses c\u00f4t\u00e9s dans le respect des convictions de chacun se focalisant sur ce qui nous unis plut\u00f4t que sur nos divergences.[\/vc_column_text][\/vc_tta_section][vc_tta_section title=&#8221;DE COMBIEN AVEZ-VOUS BESOIN POUR RACHETER LE CAMP?&#8221; tab_id=&#8221;1-5&#8243;][vc_column_text]<strong>L\u2019Association pour l\u2019\u00c9vang\u00e9lisation des Enfants de Belgique a inform\u00e9 V\u00e9ronique que le comit\u00e9 du camp \u00e0 4 semaines pour manifester son d\u00e9sir de racheter le Camp de Beho au prix de 250\u00a0000 EUR (282\u00a0165 USD).<\/strong><\/p>\n<p>Dans le cas contraire, le camp sera vendu \u00e0 de potentiels acheteurs non-chr\u00e9tiens ou mis en vente publique.<\/p>\n<p>&nbsp;<\/p>\n<p><strong>Afin d\u2019organiser des camps cet \u00e9t\u00e9 \u00e0 Beho, des travaux urgents seraient n\u00e9cessaires : <\/strong>une des chaudi\u00e8res est en fin de vie et doit \u00eatre remplac\u00e9e, les tuyauteries n\u00e9cessiteront 2 \u00e0 3 jours de r\u00e9paration apr\u00e8s la saison hivernale, plusieurs planches de la terrasse devront \u00eatre remplac\u00e9es.<\/p>\n<p>&nbsp;<\/p>\n<p><strong>Si le comit\u00e9 du camp rach\u00e8te le Camp de Beho, <\/strong>il aura besoin de tous les fonds n\u00e9cessaires tant pour acheter la propri\u00e9t\u00e9 que pour assurer la continuit\u00e9 de cette \u0153uvre d\u2019\u00e9vang\u00e9lisation aupr\u00e8s des enfants et jeunes de nos \u00e9glises et du dehors.<\/p>\n<p>Un plan financier complet a \u00e9t\u00e9 \u00e9tabli afin d\u2019\u00e9valuer les sommes n\u00e9cessaires pour remettre le Camp de Beho sur les rails.<\/p>\n<p><strong>Le montant que nous devons lever dans les prochaines semaines est de 318\u00a0300 EUR ($ 365\u00a0050). Ce montant couvrira tant l\u2019achat du camp que les travaux urgents.<\/strong>[\/vc_column_text][\/vc_tta_section][vc_tta_section title=&#8221;Section&#8221; tab_id=&#8221;1584208773618-62d8d2f2-9d0d&#8221;][\/vc_tta_section][\/vc_tta_accordion][\/vc_column][vc_column offset=&#8221;vc_col-lg-6 vc_col-md-6&#8243;][vc_tta_accordion gap=&#8221;10&#8243; c_icon=&#8221;chevron&#8221; c_position=&#8221;right&#8221; active_section=&#8221;&#8221; collapsible_all=&#8221;true&#8221;][vc_tta_section title=&#8221;COMMENT PUIS-JE VOUS AIDER?&#8221; tab_id=&#8221;2-1&#8243;][vc_column_text]<strong>Afin d\u2019\u00e9valuer la possibilit\u00e9 de racheter le camp de Beho, et donner une r\u00e9ponse positive \u00e0 l\u2019AEE dans le d\u00e9lai de 4 semaines accord\u00e9s au comit\u00e9, nous avons besoin de savoir si vous \u00eates pr\u00eat \u00e0 soutenir ce projet financi\u00e8rement.<\/strong><\/p>\n<p>Vous pouvez nous le faire savoir en remplissant le formulaire ci-joint et en le renvoyant \u00e0 V\u00e9ronique AVANT LE 3 AVRIL 2020.[\/vc_column_text][\/vc_tta_section][vc_tta_section title=&#8221;ACCEPTEZ-VOUS UN PARTENARIAT?&#8221; tab_id=&#8221;2-2&#8243;][vc_column_text]<strong>Si vous repr\u00e9sentez une \u00e9glise ou une mission <\/strong>qui veut devenir un partenaire de ce minist\u00e8re, veuillez nous contacter afin que nous puissions en discuter de vive voix.[\/vc_column_text][\/vc_tta_section][vc_tta_section title=&#8221;JE SUIS CHEF D&#8217;ENTREPRISE. COMMENT PUIS-JE VOUS AIDER?&#8221; tab_id=&#8221;2-3&#8243;][vc_column_text]<strong>Si vous \u00eates un chef d\u2019entreprise<\/strong>, votre don peut b\u00e9n\u00e9ficier d\u2019une d\u00e9duction fiscale au travers de sponsoring.<\/p>\n<p>Plusieurs travaux devront \u00eatre r\u00e9alis\u00e9s avant l&#8217;\u00e9t\u00e9. Nous avons besoin de plombiers, \u00e9lectriciens, ma\u00e7ons et de charpentiers mais tous les autres corps de m\u00e9tiers sont les bienvenus! Il y a du travail pour tout le monde.[\/vc_column_text][\/vc_tta_section][vc_tta_section title=&#8221;QUELS SONT VOS AUTRES BESOINS?&#8221; tab_id=&#8221;2-4&#8243;][vc_column_text]Nous aurons aussi besoin d&#8217;un tracteur tondeuse et d&#8217;une d\u00e9broussailleuse, neuf ou d&#8217;occasion.[\/vc_column_text][\/vc_tta_section][vc_tta_section title=&#8221;COMMENT PUIS-JE PRIER POUR LE CAMP?&#8221; tab_id=&#8221;2-5&#8243;][vc_column_text]<\/p>\n<ul>\n<li><strong>Priez<\/strong> que l\u2019AEE prenne en compte la possibilit\u00e9 pour le camp de Beho de demeurer un lieu d\u2019\u00e9vang\u00e9lisation des enfants.<\/li>\n<li><strong>Priez<\/strong> que les profits spirituels prennent le dessus sur les consid\u00e9rations mat\u00e9rielles.<\/li>\n<li><strong>Priez<\/strong> qu\u2019un accord raisonnable puisse \u00eatre trouv\u00e9 entre l\u2019AEE et le comit\u00e9 du camp.<\/li>\n<li><strong>Priez<\/strong> que les \u00e9glises de Belgique et d\u2019ailleurs voient l\u2019urgence et la n\u00e9cessit\u00e9 d\u2019investir dans le minist\u00e8re parmi les enfants et les jeunes.<\/li>\n<li><strong>Priez<\/strong> que Dieu conduise chacun d\u2019entre nous \u00e0 faire Sa volont\u00e9 et non la n\u00f4tre.<\/li>\n<li><strong>Priez<\/strong> que dans les ann\u00e9es \u00e0 venir, de nombreux gar\u00e7ons et filles de tout \u00e2ge puisse entendre la Bonne Nouvelle et qu\u2019ils se tournent vers J\u00e9sus Christ au Camp de Beho.<\/li>\n<\/ul>\n<p>[\/vc_column_text][\/vc_tta_section][vc_tta_section title=&#8221;PLUS D&#8217;INFOS? TELECHARGEZ LA BROCHURE!&#8221; tab_id=&#8221;1584209720160-5ebcd67b-c982&#8243;][vc_btn title=&#8221;TELECHARGER LE DOSSIER&#8221; color=&#8221;info&#8221; link=&#8221;url:http%3A%2F%2Fwww.jaimebeho.be%2Fwp-content%2Fuploads%2F2017%2F07%2FLettre-aux-eglises-v1.pdf|title:TELECHARGEZ%20LE%20DOSSIER|target:%20_blank|rel:nofollow&#8221;][\/vc_tta_section][vc_tta_section title=&#8221;Que ferez-vous des dons re\u00e7us si le projet ne se concr\u00e9tise pas?&#8221; tab_id=&#8221;1584289374117-69586dcf-7325&#8243;][vc_column_text]Si les dons et promesses de dons rassembl\u00e9e \u00e0 la date d&#8217;\u00e9ch\u00e9ance ne sont pas suffisants, ceux-ci seront retourn\u00e9s aux donateurs.<\/p>\n<p>Un pourcentage de ces dons sera toutefois d\u00e9duit afin de couvrir les frais engag\u00e9s par le comit\u00e9 camp pour la cr\u00e9ation de l&#8217;asbl, la publicit\u00e9, l&#8217;ouverture de compte et autres frais de fonctionnement.[\/vc_column_text][\/vc_tta_section][\/vc_tta_accordion][\/vc_column][\/vc_row]<\/p>\n","protected":false},"excerpt":{"rendered":"<p>[vc_row][vc_column offset=&#8221;vc_col-lg-6 vc_col-md-6&#8243;][vc_tta_accordion gap=&#8221;10&#8243; c_icon=&#8221;chevron&#8221; c_position=&#8221;right&#8221; active_section=&#8221;1&#8243;][vc_tta_section title=&#8221;Qui sont les membres du Comit\u00e9 Camp?&#8221; tab_id=&#8221;1-1&#8243;][vc_column_text]Le comit\u00e9 du Camp de Beho est exclusivement compos\u00e9 de chr\u00e9tiens \u00e9vang\u00e9liques n\u00e9s de nouveau qui participant activement au minist\u00e8re du Camp de Beho. Il inclut parmi ces membres des chefs d\u2019entreprise, des comptables, des directeurs de camps, des pasteurs, animateurs, [&hellip;]<\/p>\n","protected":false},"author":2,"featured_media":0,"parent":0,"menu_order":0,"comment_status":"closed","ping_status":"closed","template":"","meta":{"footnotes":""},"class_list":["post-217","page","type-page","status-publish","hentry"],"_links":{"self":[{"href":"https:\/\/www.campforlife.be\/index.php\/wp-json\/wp\/v2\/pages\/217","targetHints":{"allow":["GET"]}}],"collection":[{"href":"https:\/\/www.campforlife.be\/index.php\/wp-json\/wp\/v2\/pages"}],"about":[{"href":"https:\/\/www.campforlife.be\/index.php\/wp-json\/wp\/v2\/types\/page"}],"author":[{"embeddable":true,"href":"https:\/\/www.campforlife.be\/index.php\/wp-json\/wp\/v2\/users\/2"}],"replies":[{"embeddable":true,"href":"https:\/\/www.campforlife.be\/index.php\/wp-json\/wp\/v2\/comments?post=217"}],"version-history":[{"count":6,"href":"https:\/\/www.campforlife.be\/index.php\/wp-json\/wp\/v2\/pages\/217\/revisions"}],"predecessor-version":[{"id":982,"href":"https:\/\/www.campforlife.be\/index.php\/wp-json\/wp\/v2\/pages\/217\/revisions\/982"}],"wp:attachment":[{"href":"https:\/\/www.campforlife.be\/index.php\/wp-json\/wp\/v2\/media?parent=217"}],"curies":[{"name":"wp","href":"https:\/\/api.w.org\/{rel}","templated":true}]}}